{"id":8135,"date":"2026-03-17T09:58:08","date_gmt":"2026-03-17T08:58:08","guid":{"rendered":"https:\/\/www.azzurrabibione.com\/?page_id=8135"},"modified":"2026-03-17T09:58:11","modified_gmt":"2026-03-17T08:58:11","slug":"rolunk-mondjak","status":"publish","type":"page","link":"https:\/\/www.azzurrabibione.com\/hu\/mit-mondanak-rolunk-2\/","title":{"rendered":"R\u00f3lunk mondj\u00e1k"},"content":{"rendered":"\t\t<div data-elementor-type=\"wp-page\" data-elementor-id=\"8135\" class=\"elementor elementor-8135\" data-elementor-post-type=\"page\">\n\t\t\t\t<div class=\"elementor-element elementor-element-1207969f e-flex e-con-boxed e-con e-parent\" data-id=\"1207969f\" data-element_type=\"container\" data-settings=\"{&quot;background_background&quot;:&quot;classic&quot;}\">\n\t\t\t\t\t<div class=\"e-con-inner\">\n\t\t\t\t\t<\/div>\n\t\t\t\t<\/div>\n\t\t<div class=\"elementor-element elementor-element-3e8ac55a e-flex e-con-boxed e-con e-parent\" data-id=\"3e8ac55a\" data-element_type=\"container\" data-settings=\"{&quot;background_background&quot;:&quot;classic&quot;}\">\n\t\t\t\t\t<div class=\"e-con-inner\">\n\t\t\t\t<div class=\"elementor-element elementor-element-1e5a8fad elementor-align-left elementor-widget elementor-widget-breadcrumbs\" data-id=\"1e5a8fad\" data-element_type=\"widget\" data-widget_type=\"breadcrumbs.default\">\n\t\t\t\t<div class=\"elementor-widget-container\">\n\t\t\t\t\t<p id=\"breadcrumbs\"><span><span><a href=\"https:\/\/www.azzurrabibione.com\/hu\/\">Home<\/a><\/span><\/span><\/p>\t\t\t\t<\/div>\n\t\t\t\t<\/div>\n\t\t\t\t\t<\/div>\n\t\t\t\t<\/div>\n\t\t<div class=\"elementor-element elementor-element-4bfee3f7 e-flex e-con-boxed e-con e-parent\" data-id=\"4bfee3f7\" data-element_type=\"container\" data-settings=\"{&quot;background_background&quot;:&quot;classic&quot;}\">\n\t\t\t\t\t<div class=\"e-con-inner\">\n\t\t\t\t<div class=\"elementor-element elementor-element-314ea608 elementor-widget elementor-widget-heading\" data-id=\"314ea608\" data-element_type=\"widget\" data-widget_type=\"heading.default\">\n\t\t\t\t<div class=\"elementor-widget-container\">\n\t\t\t\t\t<h3 class=\"elementor-heading-title elementor-size-default\">R\u00f3lunk mondj\u00e1k<\/h3>\t\t\t\t<\/div>\n\t\t\t\t<\/div>\n\t\t\t\t\t<\/div>\n\t\t\t\t<\/div>\n\t\t<div class=\"elementor-element elementor-element-ca08d6b e-flex e-con-boxed e-con e-parent\" data-id=\"ca08d6b\" data-element_type=\"container\">\n\t\t\t\t\t<div class=\"e-con-inner\">\n\t\t\t\t<div class=\"elementor-element elementor-element-f961e6a elementor-widget elementor-widget-shortcode\" data-id=\"f961e6a\" data-element_type=\"widget\" data-widget_type=\"shortcode.default\">\n\t\t\t\t<div class=\"elementor-widget-container\">\n\t\t\t\t\t\t\t<div class=\"elementor-shortcode\"><div data-src=\"https:\/\/cdn.trustindex.io\/loader.js?bffd40b4808544905216c7542cf\"><\/div><\/div>\n\t\t\t\t\t\t<\/div>\n\t\t\t\t<\/div>\n\t\t\t\t\t<\/div>\n\t\t\t\t<\/div>\n\t\t\t\t<\/div>\n\t\t","protected":false},"excerpt":{"rendered":"<p>R\u00f3lunk mondj\u00e1k<\/p>\n","protected":false},"author":6,"featured_media":0,"parent":0,"menu_order":48,"comment_status":"closed","ping_status":"closed","template":"","meta":{"_acf_changed":false,"footnotes":""},"class_list":["post-8135","page","type-page","status-publish","hentry"],"acf":[],"yoast_head":"<!-- This site is optimized with the Yoast SEO plugin v25.8 - https:\/\/yoast.com\/wordpress\/plugins\/seo\/ -->\n<title>R\u00f3lunk mondj\u00e1k | Turistica Azzurra Bibione<\/title>\n<meta name=\"description\" content=\"Olvasd el vend\u00e9geink v\u00e9lem\u00e9nyeit a Turistica Azzurr\u00e1r\u00f3l: \u0151szinte visszajelz\u00e9sek, \u00e9lm\u00e9nyek \u00e9s \u00e9rt\u00e9kel\u00e9sek egy helyen, hogy tudd, mire sz\u00e1m\u00edts!\" \/>\n<meta name=\"robots\" content=\"index, follow, max-snippet:-1, max-image-preview:large, max-video-preview:-1\" \/>\n<link rel=\"canonical\" href=\"https:\/\/www.azzurrabibione.com\/hu\/mit-mondanak-rolunk-2\/\" \/>\n<meta property=\"og:locale\" content=\"hu_HU\" \/>\n<meta property=\"og:type\" content=\"article\" \/>\n<meta property=\"og:title\" content=\"R\u00f3lunk mondj\u00e1k | Turistica Azzurra Bibione\" \/>\n<meta property=\"og:description\" content=\"Olvasd el vend\u00e9geink v\u00e9lem\u00e9nyeit a Turistica Azzurr\u00e1r\u00f3l: \u0151szinte visszajelz\u00e9sek, \u00e9lm\u00e9nyek \u00e9s \u00e9rt\u00e9kel\u00e9sek egy helyen, hogy tudd, mire sz\u00e1m\u00edts!\" \/>\n<meta property=\"og:url\" content=\"https:\/\/www.azzurrabibione.com\/hu\/mit-mondanak-rolunk-2\/\" \/>\n<meta property=\"og:site_name\" content=\"Turistica Azzurra\" \/>\n<meta property=\"article:modified_time\" content=\"2026-03-17T08:58:11+00:00\" \/>\n<meta name=\"twitter:card\" content=\"summary_large_image\" \/>\n<meta name=\"twitter:label1\" content=\"Becs\u00fclt olvas\u00e1si id\u0151\" \/>\n\t<meta name=\"twitter:data1\" content=\"1 perc\" \/>\n<script type=\"application\/ld+json\" class=\"yoast-schema-graph\">{\"@context\":\"https:\/\/schema.org\",\"@graph\":[{\"@type\":\"WebPage\",\"@id\":\"https:\/\/www.azzurrabibione.com\/hu\/mit-mondanak-rolunk-2\/\",\"url\":\"https:\/\/www.azzurrabibione.com\/hu\/mit-mondanak-rolunk-2\/\",\"name\":\"R\u00f3lunk mondj\u00e1k | Turistica Azzurra Bibione\",\"isPartOf\":{\"@id\":\"https:\/\/www.azzurrabibione.com\/hu\/#website\"},\"datePublished\":\"2026-03-17T08:58:08+00:00\",\"dateModified\":\"2026-03-17T08:58:11+00:00\",\"description\":\"Olvasd el vend\u00e9geink v\u00e9lem\u00e9nyeit a Turistica Azzurr\u00e1r\u00f3l: \u0151szinte visszajelz\u00e9sek, \u00e9lm\u00e9nyek \u00e9s \u00e9rt\u00e9kel\u00e9sek egy helyen, hogy tudd, mire sz\u00e1m\u00edts!\",\"breadcrumb\":{\"@id\":\"https:\/\/www.azzurrabibione.com\/hu\/mit-mondanak-rolunk-2\/#breadcrumb\"},\"inLanguage\":\"hu\",\"potentialAction\":[{\"@type\":\"ReadAction\",\"target\":[\"https:\/\/www.azzurrabibione.com\/hu\/mit-mondanak-rolunk-2\/\"]}]},{\"@type\":\"BreadcrumbList\",\"@id\":\"https:\/\/www.azzurrabibione.com\/hu\/mit-mondanak-rolunk-2\/#breadcrumb\",\"itemListElement\":[{\"@type\":\"ListItem\",\"position\":1,\"name\":\"Home\",\"item\":\"https:\/\/www.azzurrabibione.com\/hu\/\"},{\"@type\":\"ListItem\",\"position\":2,\"name\":\"R\u00f3lunk mondj\u00e1k\"}]},{\"@type\":\"WebSite\",\"@id\":\"https:\/\/www.azzurrabibione.com\/hu\/#website\",\"url\":\"https:\/\/www.azzurrabibione.com\/hu\/\",\"name\":\"Turistica Azzurra\",\"description\":\"Agenzia turistica Azzurra di Bibione\",\"publisher\":{\"@id\":\"https:\/\/www.azzurrabibione.com\/hu\/#organization\"},\"potentialAction\":[{\"@type\":\"SearchAction\",\"target\":{\"@type\":\"EntryPoint\",\"urlTemplate\":\"https:\/\/www.azzurrabibione.com\/hu\/?s={search_term_string}\"},\"query-input\":{\"@type\":\"PropertyValueSpecification\",\"valueRequired\":true,\"valueName\":\"search_term_string\"}}],\"inLanguage\":\"hu\"},{\"@type\":\"Organization\",\"@id\":\"https:\/\/www.azzurrabibione.com\/hu\/#organization\",\"name\":\"Turistica Azzurra\",\"alternateName\":\"Agenzia turistica Azzurra di Bibione\",\"url\":\"https:\/\/www.azzurrabibione.com\/hu\/\",\"logo\":{\"@type\":\"ImageObject\",\"inLanguage\":\"hu\",\"@id\":\"https:\/\/www.azzurrabibione.com\/hu\/#\/schema\/logo\/image\/\",\"url\":\"https:\/\/azzurrabibione.promoservicebeta.com\/wp-content\/uploads\/2025\/06\/Logo-Turistica_Azzurra_Bibione.png\",\"contentUrl\":\"https:\/\/azzurrabibione.promoservicebeta.com\/wp-content\/uploads\/2025\/06\/Logo-Turistica_Azzurra_Bibione.png\",\"width\":274,\"height\":95,\"caption\":\"Turistica Azzurra\"},\"image\":{\"@id\":\"https:\/\/www.azzurrabibione.com\/hu\/#\/schema\/logo\/image\/\"}}]}<\/script>\n<!-- \/ Yoast SEO plugin. -->","yoast_head_json":{"title":"R\u00f3lunk mondj\u00e1k | Turistica Azzurra Bibione","description":"Olvasd el vend\u00e9geink v\u00e9lem\u00e9nyeit a Turistica Azzurr\u00e1r\u00f3l: \u0151szinte visszajelz\u00e9sek, \u00e9lm\u00e9nyek \u00e9s \u00e9rt\u00e9kel\u00e9sek egy helyen, hogy tudd, mire sz\u00e1m\u00edts!","robots":{"index":"index","follow":"follow","max-snippet":"max-snippet:-1","max-image-preview":"max-image-preview:large","max-video-preview":"max-video-preview:-1"},"canonical":"https:\/\/www.azzurrabibione.com\/hu\/mit-mondanak-rolunk-2\/","og_locale":"hu_HU","og_type":"article","og_title":"R\u00f3lunk mondj\u00e1k | Turistica Azzurra Bibione","og_description":"Olvasd el vend\u00e9geink v\u00e9lem\u00e9nyeit a Turistica Azzurr\u00e1r\u00f3l: \u0151szinte visszajelz\u00e9sek, \u00e9lm\u00e9nyek \u00e9s \u00e9rt\u00e9kel\u00e9sek egy helyen, hogy tudd, mire sz\u00e1m\u00edts!","og_url":"https:\/\/www.azzurrabibione.com\/hu\/mit-mondanak-rolunk-2\/","og_site_name":"Turistica Azzurra","article_modified_time":"2026-03-17T08:58:11+00:00","twitter_card":"summary_large_image","twitter_misc":{"Becs\u00fclt olvas\u00e1si id\u0151":"1 perc"},"schema":{"@context":"https:\/\/schema.org","@graph":[{"@type":"WebPage","@id":"https:\/\/www.azzurrabibione.com\/hu\/mit-mondanak-rolunk-2\/","url":"https:\/\/www.azzurrabibione.com\/hu\/mit-mondanak-rolunk-2\/","name":"R\u00f3lunk mondj\u00e1k | Turistica Azzurra Bibione","isPartOf":{"@id":"https:\/\/www.azzurrabibione.com\/hu\/#website"},"datePublished":"2026-03-17T08:58:08+00:00","dateModified":"2026-03-17T08:58:11+00:00","description":"Olvasd el vend\u00e9geink v\u00e9lem\u00e9nyeit a Turistica Azzurr\u00e1r\u00f3l: \u0151szinte visszajelz\u00e9sek, \u00e9lm\u00e9nyek \u00e9s \u00e9rt\u00e9kel\u00e9sek egy helyen, hogy tudd, mire sz\u00e1m\u00edts!","breadcrumb":{"@id":"https:\/\/www.azzurrabibione.com\/hu\/mit-mondanak-rolunk-2\/#breadcrumb"},"inLanguage":"hu","potentialAction":[{"@type":"ReadAction","target":["https:\/\/www.azzurrabibione.com\/hu\/mit-mondanak-rolunk-2\/"]}]},{"@type":"BreadcrumbList","@id":"https:\/\/www.azzurrabibione.com\/hu\/mit-mondanak-rolunk-2\/#breadcrumb","itemListElement":[{"@type":"ListItem","position":1,"name":"Home","item":"https:\/\/www.azzurrabibione.com\/hu\/"},{"@type":"ListItem","position":2,"name":"R\u00f3lunk mondj\u00e1k"}]},{"@type":"WebSite","@id":"https:\/\/www.azzurrabibione.com\/hu\/#website","url":"https:\/\/www.azzurrabibione.com\/hu\/","name":"Turistica Azzurra","description":"Agenzia turistica Azzurra di Bibione","publisher":{"@id":"https:\/\/www.azzurrabibione.com\/hu\/#organization"},"potentialAction":[{"@type":"SearchAction","target":{"@type":"EntryPoint","urlTemplate":"https:\/\/www.azzurrabibione.com\/hu\/?s={search_term_string}"},"query-input":{"@type":"PropertyValueSpecification","valueRequired":true,"valueName":"search_term_string"}}],"inLanguage":"hu"},{"@type":"Organization","@id":"https:\/\/www.azzurrabibione.com\/hu\/#organization","name":"Turistica Azzurra","alternateName":"Agenzia turistica Azzurra di Bibione","url":"https:\/\/www.azzurrabibione.com\/hu\/","logo":{"@type":"ImageObject","inLanguage":"hu","@id":"https:\/\/www.azzurrabibione.com\/hu\/#\/schema\/logo\/image\/","url":"https:\/\/azzurrabibione.promoservicebeta.com\/wp-content\/uploads\/2025\/06\/Logo-Turistica_Azzurra_Bibione.png","contentUrl":"https:\/\/azzurrabibione.promoservicebeta.com\/wp-content\/uploads\/2025\/06\/Logo-Turistica_Azzurra_Bibione.png","width":274,"height":95,"caption":"Turistica Azzurra"},"image":{"@id":"https:\/\/www.azzurrabibione.com\/hu\/#\/schema\/logo\/image\/"}}]}},"_links":{"self":[{"href":"https:\/\/www.azzurrabibione.com\/hu\/wp-json\/wp\/v2\/pages\/8135","targetHints":{"allow":["GET"]}}],"collection":[{"href":"https:\/\/www.azzurrabibione.com\/hu\/wp-json\/wp\/v2\/pages"}],"about":[{"href":"https:\/\/www.azzurrabibione.com\/hu\/wp-json\/wp\/v2\/types\/page"}],"author":[{"embeddable":true,"href":"https:\/\/www.azzurrabibione.com\/hu\/wp-json\/wp\/v2\/users\/6"}],"replies":[{"embeddable":true,"href":"https:\/\/www.azzurrabibione.com\/hu\/wp-json\/wp\/v2\/comments?post=8135"}],"version-history":[{"count":1,"href":"https:\/\/www.azzurrabibione.com\/hu\/wp-json\/wp\/v2\/pages\/8135\/revisions"}],"predecessor-version":[{"id":8142,"href":"https:\/\/www.azzurrabibione.com\/hu\/wp-json\/wp\/v2\/pages\/8135\/revisions\/8142"}],"wp:attachment":[{"href":"https:\/\/www.azzurrabibione.com\/hu\/wp-json\/wp\/v2\/media?parent=8135"}],"curies":[{"name":"wp","href":"https:\/\/api.w.org\/{rel}","templated":true}]}}