{"id":8127,"date":"2026-03-17T09:48:14","date_gmt":"2026-03-17T08:48:14","guid":{"rendered":"https:\/\/www.azzurrabibione.com\/?page_id=8127"},"modified":"2026-03-17T09:48:17","modified_gmt":"2026-03-17T08:48:17","slug":"vallalati-adatok-2","status":"publish","type":"page","link":"https:\/\/www.azzurrabibione.com\/hu\/vallalati-adatok-2\/","title":{"rendered":"V\u00e1llalati Adatok"},"content":{"rendered":"\t\t<div data-elementor-type=\"wp-page\" data-elementor-id=\"8127\" class=\"elementor elementor-8127\" data-elementor-post-type=\"page\">\n\t\t\t\t<div class=\"elementor-element elementor-element-607c1a3c e-flex e-con-boxed e-con e-parent\" data-id=\"607c1a3c\" data-element_type=\"container\" data-settings=\"{&quot;background_background&quot;:&quot;classic&quot;}\">\n\t\t\t\t\t<div class=\"e-con-inner\">\n\t\t\t\t\t<\/div>\n\t\t\t\t<\/div>\n\t\t<div class=\"elementor-element elementor-element-4661d103 e-flex e-con-boxed e-con e-parent\" data-id=\"4661d103\" data-element_type=\"container\" data-settings=\"{&quot;background_background&quot;:&quot;classic&quot;}\">\n\t\t\t\t\t<div class=\"e-con-inner\">\n\t\t\t\t<div class=\"elementor-element elementor-element-64fb880a elementor-align-left elementor-widget elementor-widget-breadcrumbs\" data-id=\"64fb880a\" data-element_type=\"widget\" data-widget_type=\"breadcrumbs.default\">\n\t\t\t\t<div class=\"elementor-widget-container\">\n\t\t\t\t\t<p id=\"breadcrumbs\"><span><span><a href=\"https:\/\/www.azzurrabibione.com\/hu\/\">Home<\/a><\/span><\/span><\/p>\t\t\t\t<\/div>\n\t\t\t\t<\/div>\n\t\t\t\t\t<\/div>\n\t\t\t\t<\/div>\n\t\t<div class=\"elementor-element elementor-element-350a6749 e-flex e-con-boxed e-con e-parent\" data-id=\"350a6749\" data-element_type=\"container\" data-settings=\"{&quot;background_background&quot;:&quot;classic&quot;}\">\n\t\t\t\t\t<div class=\"e-con-inner\">\n\t\t\t\t<div class=\"elementor-element elementor-element-569d210d elementor-widget elementor-widget-heading\" data-id=\"569d210d\" data-element_type=\"widget\" data-widget_type=\"heading.default\">\n\t\t\t\t<div class=\"elementor-widget-container\">\n\t\t\t\t\t<h1 class=\"elementor-heading-title elementor-size-default\">V\u00e1llalati Adatok<\/h1>\t\t\t\t<\/div>\n\t\t\t\t<\/div>\n\t\t\t\t<div class=\"elementor-element elementor-element-1d94de7 elementor-widget elementor-widget-text-editor\" data-id=\"1d94de7\" data-element_type=\"widget\" data-widget_type=\"text-editor.default\">\n\t\t\t\t<div class=\"elementor-widget-container\">\n\t\t\t\t\t\t\t\t\t<p>Turistica Azzurra<br \/>\nImmobiliare Azzurra SAS<br \/>\nVia Venezia, 3 \u2013 33050<br \/>\nPocenia (Udine)<\/p>\n<p>Tel.: <a href=\"tel:+390431447167\">+39 0431 447167<\/a><br \/>\nFax: <a href=\"tel:+390431447167\">+39 0431 447167<\/a><br \/>\nE-mail: <a href=\"mailto:info@azzurrabibione.com\">info@azzurrabibione.com<\/a><br \/>\nPec: <a href=\"mailto:postmaster@pec.azzurrabibione.com\">postmaster@pec.azzurrabibione.com<\/a><\/p>\n<p>Ad\u00f3sz\u00e1m: 02265200309<br \/>\nREA sz\u00e1m: UD \u2013 247602<br \/>\nAlapt\u0151ke: 10 000,00 \u20ac<\/p>\n\t\t\t\t\t\t\t\t<\/div>\n\t\t\t\t<\/div>\n\t\t\t\t\t<\/div>\n\t\t\t\t<\/div>\n\t\t\t\t<\/div>\n\t\t","protected":false},"excerpt":{"rendered":"","protected":false},"author":6,"featured_media":0,"parent":0,"menu_order":37,"comment_status":"closed","ping_status":"closed","template":"","meta":{"_acf_changed":false,"footnotes":""},"class_list":["post-8127","page","type-page","status-publish","hentry"],"acf":[],"yoast_head":"<!-- This site is optimized with the Yoast SEO plugin v25.8 - https:\/\/yoast.com\/wordpress\/plugins\/seo\/ -->\n<title>V\u00e1llalati Adatok | Turistica Azzurra Bibione<\/title>\n<meta name=\"description\" content=\"Tekintsd meg a Turistica Azzurra hivatalos c\u00e9gadatait: alapinform\u00e1ci\u00f3k, el\u00e9rhet\u0151s\u00e9gek, jogi r\u00e9szletek \u00e1tl\u00e1that\u00f3an, egy helyen \u00f6sszegy\u0171jtve.\" \/>\n<meta name=\"robots\" content=\"index, follow, max-snippet:-1, max-image-preview:large, max-video-preview:-1\" \/>\n<link rel=\"canonical\" href=\"https:\/\/www.azzurrabibione.com\/hu\/vallalati-adatok-2\/\" \/>\n<meta property=\"og:locale\" content=\"hu_HU\" \/>\n<meta property=\"og:type\" content=\"article\" \/>\n<meta property=\"og:title\" content=\"V\u00e1llalati Adatok | Turistica Azzurra Bibione\" \/>\n<meta property=\"og:description\" content=\"Tekintsd meg a Turistica Azzurra hivatalos c\u00e9gadatait: alapinform\u00e1ci\u00f3k, el\u00e9rhet\u0151s\u00e9gek, jogi r\u00e9szletek \u00e1tl\u00e1that\u00f3an, egy helyen \u00f6sszegy\u0171jtve.\" \/>\n<meta property=\"og:url\" content=\"https:\/\/www.azzurrabibione.com\/hu\/vallalati-adatok-2\/\" \/>\n<meta property=\"og:site_name\" content=\"Turistica Azzurra\" \/>\n<meta property=\"article:modified_time\" content=\"2026-03-17T08:48:17+00:00\" \/>\n<meta name=\"twitter:card\" content=\"summary_large_image\" \/>\n<script type=\"application\/ld+json\" class=\"yoast-schema-graph\">{\"@context\":\"https:\/\/schema.org\",\"@graph\":[{\"@type\":\"WebPage\",\"@id\":\"https:\/\/www.azzurrabibione.com\/hu\/vallalati-adatok-2\/\",\"url\":\"https:\/\/www.azzurrabibione.com\/hu\/vallalati-adatok-2\/\",\"name\":\"V\u00e1llalati Adatok | Turistica Azzurra Bibione\",\"isPartOf\":{\"@id\":\"https:\/\/www.azzurrabibione.com\/hu\/#website\"},\"datePublished\":\"2026-03-17T08:48:14+00:00\",\"dateModified\":\"2026-03-17T08:48:17+00:00\",\"description\":\"Tekintsd meg a Turistica Azzurra hivatalos c\u00e9gadatait: alapinform\u00e1ci\u00f3k, el\u00e9rhet\u0151s\u00e9gek, jogi r\u00e9szletek \u00e1tl\u00e1that\u00f3an, egy helyen \u00f6sszegy\u0171jtve.\",\"breadcrumb\":{\"@id\":\"https:\/\/www.azzurrabibione.com\/hu\/vallalati-adatok-2\/#breadcrumb\"},\"inLanguage\":\"hu\",\"potentialAction\":[{\"@type\":\"ReadAction\",\"target\":[\"https:\/\/www.azzurrabibione.com\/hu\/vallalati-adatok-2\/\"]}]},{\"@type\":\"BreadcrumbList\",\"@id\":\"https:\/\/www.azzurrabibione.com\/hu\/vallalati-adatok-2\/#breadcrumb\",\"itemListElement\":[{\"@type\":\"ListItem\",\"position\":1,\"name\":\"Home\",\"item\":\"https:\/\/www.azzurrabibione.com\/hu\/\"},{\"@type\":\"ListItem\",\"position\":2,\"name\":\"V\u00e1llalati Adatok\"}]},{\"@type\":\"WebSite\",\"@id\":\"https:\/\/www.azzurrabibione.com\/hu\/#website\",\"url\":\"https:\/\/www.azzurrabibione.com\/hu\/\",\"name\":\"Turistica Azzurra\",\"description\":\"Agenzia turistica Azzurra di Bibione\",\"publisher\":{\"@id\":\"https:\/\/www.azzurrabibione.com\/hu\/#organization\"},\"potentialAction\":[{\"@type\":\"SearchAction\",\"target\":{\"@type\":\"EntryPoint\",\"urlTemplate\":\"https:\/\/www.azzurrabibione.com\/hu\/?s={search_term_string}\"},\"query-input\":{\"@type\":\"PropertyValueSpecification\",\"valueRequired\":true,\"valueName\":\"search_term_string\"}}],\"inLanguage\":\"hu\"},{\"@type\":\"Organization\",\"@id\":\"https:\/\/www.azzurrabibione.com\/hu\/#organization\",\"name\":\"Turistica Azzurra\",\"alternateName\":\"Agenzia turistica Azzurra di Bibione\",\"url\":\"https:\/\/www.azzurrabibione.com\/hu\/\",\"logo\":{\"@type\":\"ImageObject\",\"inLanguage\":\"hu\",\"@id\":\"https:\/\/www.azzurrabibione.com\/hu\/#\/schema\/logo\/image\/\",\"url\":\"https:\/\/azzurrabibione.promoservicebeta.com\/wp-content\/uploads\/2025\/06\/Logo-Turistica_Azzurra_Bibione.png\",\"contentUrl\":\"https:\/\/azzurrabibione.promoservicebeta.com\/wp-content\/uploads\/2025\/06\/Logo-Turistica_Azzurra_Bibione.png\",\"width\":274,\"height\":95,\"caption\":\"Turistica Azzurra\"},\"image\":{\"@id\":\"https:\/\/www.azzurrabibione.com\/hu\/#\/schema\/logo\/image\/\"}}]}<\/script>\n<!-- \/ Yoast SEO plugin. -->","yoast_head_json":{"title":"V\u00e1llalati Adatok | Turistica Azzurra Bibione","description":"Tekintsd meg a Turistica Azzurra hivatalos c\u00e9gadatait: alapinform\u00e1ci\u00f3k, el\u00e9rhet\u0151s\u00e9gek, jogi r\u00e9szletek \u00e1tl\u00e1that\u00f3an, egy helyen \u00f6sszegy\u0171jtve.","robots":{"index":"index","follow":"follow","max-snippet":"max-snippet:-1","max-image-preview":"max-image-preview:large","max-video-preview":"max-video-preview:-1"},"canonical":"https:\/\/www.azzurrabibione.com\/hu\/vallalati-adatok-2\/","og_locale":"hu_HU","og_type":"article","og_title":"V\u00e1llalati Adatok | Turistica Azzurra Bibione","og_description":"Tekintsd meg a Turistica Azzurra hivatalos c\u00e9gadatait: alapinform\u00e1ci\u00f3k, el\u00e9rhet\u0151s\u00e9gek, jogi r\u00e9szletek \u00e1tl\u00e1that\u00f3an, egy helyen \u00f6sszegy\u0171jtve.","og_url":"https:\/\/www.azzurrabibione.com\/hu\/vallalati-adatok-2\/","og_site_name":"Turistica Azzurra","article_modified_time":"2026-03-17T08:48:17+00:00","twitter_card":"summary_large_image","schema":{"@context":"https:\/\/schema.org","@graph":[{"@type":"WebPage","@id":"https:\/\/www.azzurrabibione.com\/hu\/vallalati-adatok-2\/","url":"https:\/\/www.azzurrabibione.com\/hu\/vallalati-adatok-2\/","name":"V\u00e1llalati Adatok | Turistica Azzurra Bibione","isPartOf":{"@id":"https:\/\/www.azzurrabibione.com\/hu\/#website"},"datePublished":"2026-03-17T08:48:14+00:00","dateModified":"2026-03-17T08:48:17+00:00","description":"Tekintsd meg a Turistica Azzurra hivatalos c\u00e9gadatait: alapinform\u00e1ci\u00f3k, el\u00e9rhet\u0151s\u00e9gek, jogi r\u00e9szletek \u00e1tl\u00e1that\u00f3an, egy helyen \u00f6sszegy\u0171jtve.","breadcrumb":{"@id":"https:\/\/www.azzurrabibione.com\/hu\/vallalati-adatok-2\/#breadcrumb"},"inLanguage":"hu","potentialAction":[{"@type":"ReadAction","target":["https:\/\/www.azzurrabibione.com\/hu\/vallalati-adatok-2\/"]}]},{"@type":"BreadcrumbList","@id":"https:\/\/www.azzurrabibione.com\/hu\/vallalati-adatok-2\/#breadcrumb","itemListElement":[{"@type":"ListItem","position":1,"name":"Home","item":"https:\/\/www.azzurrabibione.com\/hu\/"},{"@type":"ListItem","position":2,"name":"V\u00e1llalati Adatok"}]},{"@type":"WebSite","@id":"https:\/\/www.azzurrabibione.com\/hu\/#website","url":"https:\/\/www.azzurrabibione.com\/hu\/","name":"Turistica Azzurra","description":"Agenzia turistica Azzurra di Bibione","publisher":{"@id":"https:\/\/www.azzurrabibione.com\/hu\/#organization"},"potentialAction":[{"@type":"SearchAction","target":{"@type":"EntryPoint","urlTemplate":"https:\/\/www.azzurrabibione.com\/hu\/?s={search_term_string}"},"query-input":{"@type":"PropertyValueSpecification","valueRequired":true,"valueName":"search_term_string"}}],"inLanguage":"hu"},{"@type":"Organization","@id":"https:\/\/www.azzurrabibione.com\/hu\/#organization","name":"Turistica Azzurra","alternateName":"Agenzia turistica Azzurra di Bibione","url":"https:\/\/www.azzurrabibione.com\/hu\/","logo":{"@type":"ImageObject","inLanguage":"hu","@id":"https:\/\/www.azzurrabibione.com\/hu\/#\/schema\/logo\/image\/","url":"https:\/\/azzurrabibione.promoservicebeta.com\/wp-content\/uploads\/2025\/06\/Logo-Turistica_Azzurra_Bibione.png","contentUrl":"https:\/\/azzurrabibione.promoservicebeta.com\/wp-content\/uploads\/2025\/06\/Logo-Turistica_Azzurra_Bibione.png","width":274,"height":95,"caption":"Turistica Azzurra"},"image":{"@id":"https:\/\/www.azzurrabibione.com\/hu\/#\/schema\/logo\/image\/"}}]}},"_links":{"self":[{"href":"https:\/\/www.azzurrabibione.com\/hu\/wp-json\/wp\/v2\/pages\/8127","targetHints":{"allow":["GET"]}}],"collection":[{"href":"https:\/\/www.azzurrabibione.com\/hu\/wp-json\/wp\/v2\/pages"}],"about":[{"href":"https:\/\/www.azzurrabibione.com\/hu\/wp-json\/wp\/v2\/types\/page"}],"author":[{"embeddable":true,"href":"https:\/\/www.azzurrabibione.com\/hu\/wp-json\/wp\/v2\/users\/6"}],"replies":[{"embeddable":true,"href":"https:\/\/www.azzurrabibione.com\/hu\/wp-json\/wp\/v2\/comments?post=8127"}],"version-history":[{"count":1,"href":"https:\/\/www.azzurrabibione.com\/hu\/wp-json\/wp\/v2\/pages\/8127\/revisions"}],"predecessor-version":[{"id":8134,"href":"https:\/\/www.azzurrabibione.com\/hu\/wp-json\/wp\/v2\/pages\/8127\/revisions\/8134"}],"wp:attachment":[{"href":"https:\/\/www.azzurrabibione.com\/hu\/wp-json\/wp\/v2\/media?parent=8127"}],"curies":[{"name":"wp","href":"https:\/\/api.w.org\/{rel}","templated":true}]}}