{"id":8119,"date":"2026-03-17T09:38:12","date_gmt":"2026-03-17T08:38:12","guid":{"rendered":"https:\/\/www.azzurrabibione.com\/?page_id=8119"},"modified":"2026-03-17T09:38:15","modified_gmt":"2026-03-17T08:38:15","slug":"cookie-beallitasok","status":"publish","type":"page","link":"https:\/\/www.azzurrabibione.com\/hu\/cookie-beallitasok\/","title":{"rendered":"Cookie Be\u00e1ll\u00edt\u00e1sok"},"content":{"rendered":"\t\t<div data-elementor-type=\"wp-page\" data-elementor-id=\"8119\" class=\"elementor elementor-8119\" data-elementor-post-type=\"page\">\n\t\t\t\t<div class=\"elementor-element elementor-element-79c0dae e-flex e-con-boxed e-con e-parent\" data-id=\"79c0dae\" data-element_type=\"container\" data-settings=\"{&quot;background_background&quot;:&quot;classic&quot;}\">\n\t\t\t\t\t<div class=\"e-con-inner\">\n\t\t\t\t\t<\/div>\n\t\t\t\t<\/div>\n\t\t<div class=\"elementor-element elementor-element-52aede33 e-flex e-con-boxed e-con e-parent\" data-id=\"52aede33\" data-element_type=\"container\" data-settings=\"{&quot;background_background&quot;:&quot;classic&quot;}\">\n\t\t\t\t\t<div class=\"e-con-inner\">\n\t\t\t\t<div class=\"elementor-element elementor-element-3e8af720 elementor-align-left elementor-widget elementor-widget-breadcrumbs\" data-id=\"3e8af720\" data-element_type=\"widget\" data-widget_type=\"breadcrumbs.default\">\n\t\t\t\t<div class=\"elementor-widget-container\">\n\t\t\t\t\t<p id=\"breadcrumbs\"><span><span><a href=\"https:\/\/www.azzurrabibione.com\/hu\/\">Home<\/a><\/span><\/span><\/p>\t\t\t\t<\/div>\n\t\t\t\t<\/div>\n\t\t\t\t\t<\/div>\n\t\t\t\t<\/div>\n\t\t<div class=\"elementor-element elementor-element-030700c e-flex e-con-boxed e-con e-parent\" data-id=\"030700c\" data-element_type=\"container\">\n\t\t\t\t\t<div class=\"e-con-inner\">\n\t\t\t\t<div class=\"elementor-element elementor-element-ed2699b elementor-widget elementor-widget-heading\" data-id=\"ed2699b\" data-element_type=\"widget\" data-widget_type=\"heading.default\">\n\t\t\t\t<div class=\"elementor-widget-container\">\n\t\t\t\t\t<h3 class=\"elementor-heading-title elementor-size-default\">Cookie szab\u00e1lyzat<\/h3>\t\t\t\t<\/div>\n\t\t\t\t<\/div>\n\t\t\t\t<div class=\"elementor-element elementor-element-fe3b2c4 elementor-widget elementor-widget-text-editor\" data-id=\"fe3b2c4\" data-element_type=\"widget\" data-widget_type=\"text-editor.default\">\n\t\t\t\t<div class=\"elementor-widget-container\">\n\t\t\t\t\t\t\t\t\t<p><a class=\"iubenda-nostyle no-brand iubenda-noiframe iubenda-embed iubenda-noiframe iub-body-embed\" title=\"Cookie szab\u00e1lyzat\" href=\"https:\/\/www.iubenda.com\/privacy-policy\/16469340\/cookie-policy\">Cookie szab\u00e1lyzat<\/a><script type=\"text\/javascript\">(function (w,d) {var loader = function () {var s = d.createElement(\"script\"), tag = d.getElementsByTagName(\"script\")[0]; s.src=\"https:\/\/cdn.iubenda.com\/iubenda.js\"; tag.parentNode.insertBefore(s,tag);}; if(w.addEventListener){w.addEventListener(\"load\", loader, false);}else if(w.attachEvent){w.attachEvent(\"onload\", loader);}else{w.onload = loader;}})(window, document);<\/script><\/p>\t\t\t\t\t\t\t\t<\/div>\n\t\t\t\t<\/div>\n\t\t\t\t\t<\/div>\n\t\t\t\t<\/div>\n\t\t\t\t<\/div>\n\t\t","protected":false},"excerpt":{"rendered":"<p>Cookie szab\u00e1lyzat Cookie szab\u00e1lyzat<\/p>\n","protected":false},"author":6,"featured_media":0,"parent":0,"menu_order":31,"comment_status":"closed","ping_status":"closed","template":"","meta":{"_acf_changed":false,"footnotes":""},"class_list":["post-8119","page","type-page","status-publish","hentry"],"acf":[],"yoast_head":"<!-- This site is optimized with the Yoast SEO plugin v25.8 - https:\/\/yoast.com\/wordpress\/plugins\/seo\/ -->\n<title>Cookie Be\u00e1ll\u00edt\u00e1sok | Turistica Azzurra Bibione<\/title>\n<meta name=\"description\" content=\"Mire szolg\u00e1lnak a s\u00fctik (cookie), milyen adatokat gy\u0171jtenek, hogyan tudod egyszer\u0171en be\u00e1ll\u00edtani vagy letiltani \u0151ket a saj\u00e1t ig\u00e9nyeid szerint.\" \/>\n<meta name=\"robots\" content=\"index, follow, max-snippet:-1, max-image-preview:large, max-video-preview:-1\" \/>\n<link rel=\"canonical\" href=\"https:\/\/www.azzurrabibione.com\/hu\/cookie-beallitasok\/\" \/>\n<meta property=\"og:locale\" content=\"hu_HU\" \/>\n<meta property=\"og:type\" content=\"article\" \/>\n<meta property=\"og:title\" content=\"Cookie Be\u00e1ll\u00edt\u00e1sok | Turistica Azzurra Bibione\" \/>\n<meta property=\"og:description\" content=\"Mire szolg\u00e1lnak a s\u00fctik (cookie), milyen adatokat gy\u0171jtenek, hogyan tudod egyszer\u0171en be\u00e1ll\u00edtani vagy letiltani \u0151ket a saj\u00e1t ig\u00e9nyeid szerint.\" \/>\n<meta property=\"og:url\" content=\"https:\/\/www.azzurrabibione.com\/hu\/cookie-beallitasok\/\" \/>\n<meta property=\"og:site_name\" content=\"Turistica Azzurra\" \/>\n<meta property=\"article:modified_time\" content=\"2026-03-17T08:38:15+00:00\" \/>\n<meta name=\"twitter:card\" content=\"summary_large_image\" \/>\n<meta name=\"twitter:label1\" content=\"Becs\u00fclt olvas\u00e1si id\u0151\" \/>\n\t<meta name=\"twitter:data1\" content=\"1 perc\" \/>\n<script type=\"application\/ld+json\" class=\"yoast-schema-graph\">{\"@context\":\"https:\/\/schema.org\",\"@graph\":[{\"@type\":\"WebPage\",\"@id\":\"https:\/\/www.azzurrabibione.com\/hu\/cookie-beallitasok\/\",\"url\":\"https:\/\/www.azzurrabibione.com\/hu\/cookie-beallitasok\/\",\"name\":\"Cookie Be\u00e1ll\u00edt\u00e1sok | Turistica Azzurra Bibione\",\"isPartOf\":{\"@id\":\"https:\/\/www.azzurrabibione.com\/hu\/#website\"},\"datePublished\":\"2026-03-17T08:38:12+00:00\",\"dateModified\":\"2026-03-17T08:38:15+00:00\",\"description\":\"Mire szolg\u00e1lnak a s\u00fctik (cookie), milyen adatokat gy\u0171jtenek, hogyan tudod egyszer\u0171en be\u00e1ll\u00edtani vagy letiltani \u0151ket a saj\u00e1t ig\u00e9nyeid szerint.\",\"breadcrumb\":{\"@id\":\"https:\/\/www.azzurrabibione.com\/hu\/cookie-beallitasok\/#breadcrumb\"},\"inLanguage\":\"hu\",\"potentialAction\":[{\"@type\":\"ReadAction\",\"target\":[\"https:\/\/www.azzurrabibione.com\/hu\/cookie-beallitasok\/\"]}]},{\"@type\":\"BreadcrumbList\",\"@id\":\"https:\/\/www.azzurrabibione.com\/hu\/cookie-beallitasok\/#breadcrumb\",\"itemListElement\":[{\"@type\":\"ListItem\",\"position\":1,\"name\":\"Home\",\"item\":\"https:\/\/www.azzurrabibione.com\/hu\/\"},{\"@type\":\"ListItem\",\"position\":2,\"name\":\"Cookie Be\u00e1ll\u00edt\u00e1sok\"}]},{\"@type\":\"WebSite\",\"@id\":\"https:\/\/www.azzurrabibione.com\/hu\/#website\",\"url\":\"https:\/\/www.azzurrabibione.com\/hu\/\",\"name\":\"Turistica Azzurra\",\"description\":\"Agenzia turistica Azzurra di Bibione\",\"publisher\":{\"@id\":\"https:\/\/www.azzurrabibione.com\/hu\/#organization\"},\"potentialAction\":[{\"@type\":\"SearchAction\",\"target\":{\"@type\":\"EntryPoint\",\"urlTemplate\":\"https:\/\/www.azzurrabibione.com\/hu\/?s={search_term_string}\"},\"query-input\":{\"@type\":\"PropertyValueSpecification\",\"valueRequired\":true,\"valueName\":\"search_term_string\"}}],\"inLanguage\":\"hu\"},{\"@type\":\"Organization\",\"@id\":\"https:\/\/www.azzurrabibione.com\/hu\/#organization\",\"name\":\"Turistica Azzurra\",\"alternateName\":\"Agenzia turistica Azzurra di Bibione\",\"url\":\"https:\/\/www.azzurrabibione.com\/hu\/\",\"logo\":{\"@type\":\"ImageObject\",\"inLanguage\":\"hu\",\"@id\":\"https:\/\/www.azzurrabibione.com\/hu\/#\/schema\/logo\/image\/\",\"url\":\"https:\/\/azzurrabibione.promoservicebeta.com\/wp-content\/uploads\/2025\/06\/Logo-Turistica_Azzurra_Bibione.png\",\"contentUrl\":\"https:\/\/azzurrabibione.promoservicebeta.com\/wp-content\/uploads\/2025\/06\/Logo-Turistica_Azzurra_Bibione.png\",\"width\":274,\"height\":95,\"caption\":\"Turistica Azzurra\"},\"image\":{\"@id\":\"https:\/\/www.azzurrabibione.com\/hu\/#\/schema\/logo\/image\/\"}}]}<\/script>\n<!-- \/ Yoast SEO plugin. -->","yoast_head_json":{"title":"Cookie Be\u00e1ll\u00edt\u00e1sok | Turistica Azzurra Bibione","description":"Mire szolg\u00e1lnak a s\u00fctik (cookie), milyen adatokat gy\u0171jtenek, hogyan tudod egyszer\u0171en be\u00e1ll\u00edtani vagy letiltani \u0151ket a saj\u00e1t ig\u00e9nyeid szerint.","robots":{"index":"index","follow":"follow","max-snippet":"max-snippet:-1","max-image-preview":"max-image-preview:large","max-video-preview":"max-video-preview:-1"},"canonical":"https:\/\/www.azzurrabibione.com\/hu\/cookie-beallitasok\/","og_locale":"hu_HU","og_type":"article","og_title":"Cookie Be\u00e1ll\u00edt\u00e1sok | Turistica Azzurra Bibione","og_description":"Mire szolg\u00e1lnak a s\u00fctik (cookie), milyen adatokat gy\u0171jtenek, hogyan tudod egyszer\u0171en be\u00e1ll\u00edtani vagy letiltani \u0151ket a saj\u00e1t ig\u00e9nyeid szerint.","og_url":"https:\/\/www.azzurrabibione.com\/hu\/cookie-beallitasok\/","og_site_name":"Turistica Azzurra","article_modified_time":"2026-03-17T08:38:15+00:00","twitter_card":"summary_large_image","twitter_misc":{"Becs\u00fclt olvas\u00e1si id\u0151":"1 perc"},"schema":{"@context":"https:\/\/schema.org","@graph":[{"@type":"WebPage","@id":"https:\/\/www.azzurrabibione.com\/hu\/cookie-beallitasok\/","url":"https:\/\/www.azzurrabibione.com\/hu\/cookie-beallitasok\/","name":"Cookie Be\u00e1ll\u00edt\u00e1sok | Turistica Azzurra Bibione","isPartOf":{"@id":"https:\/\/www.azzurrabibione.com\/hu\/#website"},"datePublished":"2026-03-17T08:38:12+00:00","dateModified":"2026-03-17T08:38:15+00:00","description":"Mire szolg\u00e1lnak a s\u00fctik (cookie), milyen adatokat gy\u0171jtenek, hogyan tudod egyszer\u0171en be\u00e1ll\u00edtani vagy letiltani \u0151ket a saj\u00e1t ig\u00e9nyeid szerint.","breadcrumb":{"@id":"https:\/\/www.azzurrabibione.com\/hu\/cookie-beallitasok\/#breadcrumb"},"inLanguage":"hu","potentialAction":[{"@type":"ReadAction","target":["https:\/\/www.azzurrabibione.com\/hu\/cookie-beallitasok\/"]}]},{"@type":"BreadcrumbList","@id":"https:\/\/www.azzurrabibione.com\/hu\/cookie-beallitasok\/#breadcrumb","itemListElement":[{"@type":"ListItem","position":1,"name":"Home","item":"https:\/\/www.azzurrabibione.com\/hu\/"},{"@type":"ListItem","position":2,"name":"Cookie Be\u00e1ll\u00edt\u00e1sok"}]},{"@type":"WebSite","@id":"https:\/\/www.azzurrabibione.com\/hu\/#website","url":"https:\/\/www.azzurrabibione.com\/hu\/","name":"Turistica Azzurra","description":"Agenzia turistica Azzurra di Bibione","publisher":{"@id":"https:\/\/www.azzurrabibione.com\/hu\/#organization"},"potentialAction":[{"@type":"SearchAction","target":{"@type":"EntryPoint","urlTemplate":"https:\/\/www.azzurrabibione.com\/hu\/?s={search_term_string}"},"query-input":{"@type":"PropertyValueSpecification","valueRequired":true,"valueName":"search_term_string"}}],"inLanguage":"hu"},{"@type":"Organization","@id":"https:\/\/www.azzurrabibione.com\/hu\/#organization","name":"Turistica Azzurra","alternateName":"Agenzia turistica Azzurra di Bibione","url":"https:\/\/www.azzurrabibione.com\/hu\/","logo":{"@type":"ImageObject","inLanguage":"hu","@id":"https:\/\/www.azzurrabibione.com\/hu\/#\/schema\/logo\/image\/","url":"https:\/\/azzurrabibione.promoservicebeta.com\/wp-content\/uploads\/2025\/06\/Logo-Turistica_Azzurra_Bibione.png","contentUrl":"https:\/\/azzurrabibione.promoservicebeta.com\/wp-content\/uploads\/2025\/06\/Logo-Turistica_Azzurra_Bibione.png","width":274,"height":95,"caption":"Turistica Azzurra"},"image":{"@id":"https:\/\/www.azzurrabibione.com\/hu\/#\/schema\/logo\/image\/"}}]}},"_links":{"self":[{"href":"https:\/\/www.azzurrabibione.com\/hu\/wp-json\/wp\/v2\/pages\/8119","targetHints":{"allow":["GET"]}}],"collection":[{"href":"https:\/\/www.azzurrabibione.com\/hu\/wp-json\/wp\/v2\/pages"}],"about":[{"href":"https:\/\/www.azzurrabibione.com\/hu\/wp-json\/wp\/v2\/types\/page"}],"author":[{"embeddable":true,"href":"https:\/\/www.azzurrabibione.com\/hu\/wp-json\/wp\/v2\/users\/6"}],"replies":[{"embeddable":true,"href":"https:\/\/www.azzurrabibione.com\/hu\/wp-json\/wp\/v2\/comments?post=8119"}],"version-history":[{"count":1,"href":"https:\/\/www.azzurrabibione.com\/hu\/wp-json\/wp\/v2\/pages\/8119\/revisions"}],"predecessor-version":[{"id":8126,"href":"https:\/\/www.azzurrabibione.com\/hu\/wp-json\/wp\/v2\/pages\/8119\/revisions\/8126"}],"wp:attachment":[{"href":"https:\/\/www.azzurrabibione.com\/hu\/wp-json\/wp\/v2\/media?parent=8119"}],"curies":[{"name":"wp","href":"https:\/\/api.w.org\/{rel}","templated":true}]}}