{"id":8146,"date":"2026-03-17T10:08:09","date_gmt":"2026-03-17T09:08:09","guid":{"rendered":"https:\/\/www.azzurrabibione.com\/?page_id=8146"},"modified":"2026-03-17T10:08:10","modified_gmt":"2026-03-17T09:08:10","slug":"faq-2","status":"publish","type":"page","link":"https:\/\/www.azzurrabibione.com\/de\/faq-2\/","title":{"rendered":"FAQ"},"content":{"rendered":"\t\t<div data-elementor-type=\"wp-page\" data-elementor-id=\"8146\" class=\"elementor elementor-8146 elementor-8143\" data-elementor-post-type=\"page\">\n\t\t\t\t<div class=\"elementor-element elementor-element-2167f468 e-flex e-con-boxed e-con e-parent\" data-id=\"2167f468\" data-element_type=\"container\" data-settings=\"{&quot;background_background&quot;:&quot;classic&quot;}\">\n\t\t\t\t\t<div class=\"e-con-inner\">\n\t\t\t\t\t<\/div>\n\t\t\t\t<\/div>\n\t\t<div class=\"elementor-element elementor-element-78bc135 e-flex e-con-boxed e-con e-parent\" data-id=\"78bc135\" data-element_type=\"container\" data-settings=\"{&quot;background_background&quot;:&quot;classic&quot;}\">\n\t\t\t\t\t<div class=\"e-con-inner\">\n\t\t\t\t<div class=\"elementor-element elementor-element-2db2236f elementor-align-left elementor-widget elementor-widget-breadcrumbs\" data-id=\"2db2236f\" data-element_type=\"widget\" data-widget_type=\"breadcrumbs.default\">\n\t\t\t\t<div class=\"elementor-widget-container\">\n\t\t\t\t\t<p id=\"breadcrumbs\"><span><span><a href=\"https:\/\/www.azzurrabibione.com\/de\/\">Home<\/a><\/span><\/span><\/p>\t\t\t\t<\/div>\n\t\t\t\t<\/div>\n\t\t\t\t\t<\/div>\n\t\t\t\t<\/div>\n\t\t<div class=\"elementor-element elementor-element-2daf25e4 e-flex e-con-boxed e-con e-parent\" data-id=\"2daf25e4\" data-element_type=\"container\" data-settings=\"{&quot;background_background&quot;:&quot;classic&quot;}\">\n\t\t\t\t\t<div class=\"e-con-inner\">\n\t\t\t\t<div class=\"elementor-element elementor-element-e3bb398 elementor-widget elementor-widget-heading\" data-id=\"e3bb398\" data-element_type=\"widget\" data-widget_type=\"heading.default\">\n\t\t\t\t<div class=\"elementor-widget-container\">\n\t\t\t\t\t<h1 class=\"elementor-heading-title elementor-size-default\">FAQ<\/h1>\t\t\t\t<\/div>\n\t\t\t\t<\/div>\n\t\t\t\t<div class=\"elementor-element elementor-element-3bae72a4 w-70 elementor-widget elementor-widget-text-editor\" data-id=\"3bae72a4\" data-element_type=\"widget\" data-widget_type=\"text-editor.default\">\n\t\t\t\t<div class=\"elementor-widget-container\">\n\t\t\t\t\t\t\t\t\t<h3 class=\"wp-block-heading\">Zu Ihrer Verf\u00fcgung, das ganze Jahr \u00fcber!<\/h3><p>Liebe G\u00e4ste, hier sind die Antworten auf Ihre Fragen.<\/p><p>Wenn Sie weitere Informationen ben\u00f6tigen, kontaktieren Sie uns bitte! Wir helfen Ihnen jederzeit gerne weiter. <\/p>\t\t\t\t\t\t\t\t<\/div>\n\t\t\t\t<\/div>\n\t\t\t\t\t<\/div>\n\t\t\t\t<\/div>\n\t\t<div class=\"elementor-element elementor-element-841f67e e-flex e-con-boxed e-con e-parent\" data-id=\"841f67e\" data-element_type=\"container\">\n\t\t\t\t\t<div class=\"e-con-inner\">\n\t\t\t\t<div class=\"elementor-element elementor-element-c9f2492 faq-accordion elementor-widget elementor-widget-shortcode\" data-id=\"c9f2492\" data-element_type=\"widget\" data-widget_type=\"shortcode.default\">\n\t\t\t\t<div class=\"elementor-widget-container\">\n\t\t\t\t\t\t\t<div class=\"elementor-shortcode\"><div class=\"acf-custom-accordion\" id=\"acf-accordion-69f16a17531a1\">\n        <div class=\"acf-accordion-item\">\n            <button class=\"acf-accordion-header\" type=\"button\">\n                <span class=\"acf-accordion-icon\">+<\/span>\n                <h3 class=\"acf-accordion-title\">Wo und wann k\u00f6nnen Sie die Wohnungsschl\u00fcssel abholen?<\/h3>\n            <\/button>\n            <div class=\"acf-accordion-content\"><p>Am Anreisetag k\u00f6nnen Sie die Wohnungsschl\u00fcssel im B\u00fcro von Turistica Azzurra in Corso del Sole, 130, abholen.<br \/>\nCheck-in: <strong>16.00-19.00<\/strong><\/p>\n<\/div>\n        <\/div>\n        <div class=\"acf-accordion-item\">\n            <button class=\"acf-accordion-header\" type=\"button\">\n                <span class=\"acf-accordion-icon\">+<\/span>\n                <h3 class=\"acf-accordion-title\">Wo und wann sollen die Wohnungsschl\u00fcssel zur\u00fcckgegeben werden?<\/h3>\n            <\/button>\n            <div class=\"acf-accordion-content\"><p>Am Abreisetag m\u00fcssen die Schl\u00fcssel im B\u00fcro von Turistica Azzurra, Corso del Sole, 130, abgegeben werden.<br \/>\nCheck-out: <strong>9.00-10.00 Uhr<\/strong>.<\/p>\n<\/div>\n        <\/div>\n        <div class=\"acf-accordion-item\">\n            <button class=\"acf-accordion-header\" type=\"button\">\n                <span class=\"acf-accordion-icon\">+<\/span>\n                <h3 class=\"acf-accordion-title\">Ist es m\u00f6glich, die Schl\u00fcssel nach B\u00fcroschluss abzuholen?<\/h3>\n            <\/button>\n            <div class=\"acf-accordion-content\"><p>Nur im Falle von Versp\u00e4tungen aufgrund unvorhergesehener Umst\u00e4nde w\u00e4hrend der Reise oder in besonderen F\u00e4llen, die von Turistica Azzurra vereinbart und genehmigt wurden, k\u00f6nnen wir die Wohnungsschl\u00fcssel in den <strong>speziellen Code-Boxen<\/strong> au\u00dferhalb der Agentur hinterlegen.<\/p>\n<\/div>\n        <\/div>\n        <div class=\"acf-accordion-item\">\n            <button class=\"acf-accordion-header\" type=\"button\">\n                <span class=\"acf-accordion-icon\">+<\/span>\n                <h3 class=\"acf-accordion-title\">Ist eine fr\u00fchere Abreise m\u00f6glich?<\/h3>\n            <\/button>\n            <div class=\"acf-accordion-content\"><p>Im Falle einer vorzeitigen Abreise oder einer Abreise au\u00dferhalb der \u00d6ffnungszeiten bitten wir Sie, uns mindestens am Vortag zu benachrichtigen. Die Schl\u00fcssel sind im B\u00fcro abzugeben oder in der Box vor dem B\u00fcro zu hinterlegen. Im Falle einer vorzeitigen Abreise wird keine R\u00fcckerstattung gew\u00e4hrt.  <\/p>\n<\/div>\n        <\/div>\n        <div class=\"acf-accordion-item\">\n            <button class=\"acf-accordion-header\" type=\"button\">\n                <span class=\"acf-accordion-icon\">+<\/span>\n                <h3 class=\"acf-accordion-title\">\u00dcber welche Ausstattung verf\u00fcgen die K\u00fcchen in den Wohnungen?<\/h3>\n            <\/button>\n            <div class=\"acf-accordion-content\"><p>Die K\u00fcchen sind neben Herd und K\u00fchlschrank auch mit Geschirr, T\u00f6pfen und Besteck ausgestattet. Haushaltsw\u00e4sche und Hygieneartikel sind nicht inbegriffen. <\/p>\n<\/div>\n        <\/div>\n        <div class=\"acf-accordion-item\">\n            <button class=\"acf-accordion-header\" type=\"button\">\n                <span class=\"acf-accordion-icon\">+<\/span>\n                <h3 class=\"acf-accordion-title\">Gibt es in den Wohnungen Kopfkissen und Decken?<\/h3>\n            <\/button>\n            <div class=\"acf-accordion-content\"><p>Ja, jede Wohnung ist mit Kopfkissen und Decken ausgestattet.<\/p>\n<\/div>\n        <\/div>\n        <div class=\"acf-accordion-item\">\n            <button class=\"acf-accordion-header\" type=\"button\">\n                <span class=\"acf-accordion-icon\">+<\/span>\n                <h3 class=\"acf-accordion-title\">Ist es erlaubt, in den Wohnungen zu rauchen?<\/h3>\n            <\/button>\n            <div class=\"acf-accordion-content\"><p>Aus R\u00fccksicht auf die nachfolgenden G\u00e4ste <strong>bitten wir Sie,<\/strong> in den Wohnungen <strong>nicht zu rauchen<\/strong>.<\/p>\n<\/div>\n        <\/div>\n        <div class=\"acf-accordion-item\">\n            <button class=\"acf-accordion-header\" type=\"button\">\n                <span class=\"acf-accordion-icon\">+<\/span>\n                <h3 class=\"acf-accordion-title\">Wie viele Personen k\u00f6nnen in der Wohnung wohnen?<\/h3>\n            <\/button>\n            <div class=\"acf-accordion-content\"><p>In jeder Wohnung darf nicht mehr als die angegebene Anzahl von Betten untergebracht werden. Kinder und Kleinkinder sind wie Erwachsene zu betrachten. <\/p>\n<\/div>\n        <\/div>\n        <div class=\"acf-accordion-item\">\n            <button class=\"acf-accordion-header\" type=\"button\">\n                <span class=\"acf-accordion-icon\">+<\/span>\n                <h3 class=\"acf-accordion-title\">D\u00fcrfen Haustiere mitgebracht werden?<\/h3>\n            <\/button>\n            <div class=\"acf-accordion-content\"><p>Kleine Haustiere <strong>sind <\/strong>mit Ausnahme von Villaggio Ducale mit vorheriger Genehmigung von Turistica Azzurra und mit <strong>einem Aufpreis von \u20ac 25,- pro Woche\/pro Aufenthalt<\/strong> <strong>erlaubt <\/strong> <strong>, wenn weniger als 7 N\u00e4chte.<\/strong><br \/>\nWir bitten Sie, die Anwesenheit von Haustieren so zu handhaben, dass andere G\u00e4ste nicht <strong>gest\u00f6rt werden<\/strong> und empfehlen die Verwendung einer <strong>Leine in den Gemeinschaftsbereichen<\/strong>.<br \/>\nHaustiere sind im Solariumbereich der Schwimmb\u00e4der nicht erlaubt.<\/p>\n<\/div>\n        <\/div>\n        <div class=\"acf-accordion-item\">\n            <button class=\"acf-accordion-header\" type=\"button\">\n                <span class=\"acf-accordion-icon\">+<\/span>\n                <h3 class=\"acf-accordion-title\">Ist die Endreinigung der Wohnung obligatorisch?<\/h3>\n            <\/button>\n            <div class=\"acf-accordion-content\"><p>Die Wohnung muss aufger\u00e4umt und sauber hinterlassen werden. Badezimmer, Kochnische, K\u00fchlschrank, Geschirr, T\u00f6pfe und Pfannen sowie B\u00f6den m\u00fcssen gewaschen werden. Der M\u00fcll ist in die M\u00fclleimer zu werfen.<br \/>\n<strong>Ein Endreinigungsservice ist auf Anfrage gegen eine Geb\u00fchr m\u00f6glich.<\/strong><\/p>\n<\/div>\n        <\/div>\n        <div class=\"acf-accordion-item\">\n            <button class=\"acf-accordion-header\" type=\"button\">\n                <span class=\"acf-accordion-icon\">+<\/span>\n                <h3 class=\"acf-accordion-title\">Wie hoch ist die Touristensteuer?<\/h3>\n            <\/button>\n            <div class=\"acf-accordion-content\"><p>Die Kurtaxe 2025 betr\u00e4gt <strong>1,15 \u20ac pro Person\/Nacht<\/strong>.<br \/>\nSie wird bis zu einer H\u00f6chstzahl von 10 N\u00e4chten berechnet.<br \/>\nKinder unter 4 Jahren und Behinderte mit einer Begleitperson sind davon befreit.<\/p>\n<\/div>\n        <\/div>\n        <div class=\"acf-accordion-item\">\n            <button class=\"acf-accordion-header\" type=\"button\">\n                <span class=\"acf-accordion-icon\">+<\/span>\n                <h3 class=\"acf-accordion-title\">Ist es m\u00f6glich, einen Strandplatz zu reservieren?<\/h3>\n            <\/button>\n            <div class=\"acf-accordion-content\"><p>Ja, es ist m\u00f6glich, den Strandplatz im Voraus unter <a href=\"http:\/\/www.bibionespiaggiaonline.com\/\">www.bibionespiaggiaonline.com zu buchen .<\/a> Reservierungen k\u00f6nnen nur w\u00f6chentlich (Samstag bis Freitag) mit einem von der Agentur bereitgestellten Code erfolgen. <\/p>\n<\/div>\n        <\/div>\n        <div class=\"acf-accordion-item\">\n            <button class=\"acf-accordion-header\" type=\"button\">\n                <span class=\"acf-accordion-icon\">+<\/span>\n                <h3 class=\"acf-accordion-title\">D\u00fcrfen Hunde mit an den Strand gebracht werden?<\/h3>\n            <\/button>\n            <div class=\"acf-accordion-content\"><p>Hunde sind <strong>nur<\/strong> an bestimmten Abschnitten des \u00f6ffentlichen Strandes oder, gegen eine Geb\u00fchr, am hundefreundlichen Strand<strong>&#8222;la Spiaggia di Pluto<\/strong>&#8220; am Lido dei Pini erlaubt.<\/p>\n<\/div>\n        <\/div>\n        <div class=\"acf-accordion-item\">\n            <button class=\"acf-accordion-header\" type=\"button\">\n                <span class=\"acf-accordion-icon\">+<\/span>\n                <h3 class=\"acf-accordion-title\">Sind die Wohnungen hygienisch einwandfrei?<\/h3>\n            <\/button>\n            <div class=\"acf-accordion-content\"><p>Vor jedem neuen Einzug werden die Wohnungen mit Reinigungsmitteln auf Natriumhypochlorit-Basis und\/oder alkoholischen L\u00f6sungen zus\u00e4tzlich zu den normalen Reinigungsmitteln gem\u00e4\u00df den vom Istituto Superiore di Sanit\u00e0 vorgegebenen Sanit\u00e4rprotokollen desinfiziert.<\/p>\n<\/div>\n        <\/div>\n        <div class=\"acf-accordion-item\">\n            <button class=\"acf-accordion-header\" type=\"button\">\n                <span class=\"acf-accordion-icon\">+<\/span>\n                <h3 class=\"acf-accordion-title\">Gibt es besondere Regeln f\u00fcr den Zugang zu den Pools?<\/h3>\n            <\/button>\n            <div class=\"acf-accordion-content\"><p>Bitte beachten Sie die Nutzungszeiten der Pools: ca. 9.00 bis 13.00 Uhr und 15.30 bis 20.00 Uhr, sofern vor Ort nicht anders angegeben.<\/p>\n<\/div>\n        <\/div><\/div>\n    <script>\n    document.addEventListener('DOMContentLoaded', function() {\n        const accordion = document.querySelector('#acf-accordion-69f16a17531a1');\n        if (accordion) {\n            accordion.querySelectorAll('.acf-accordion-header').forEach(button => {\n                button.addEventListener('click', () => {\n                    const content = button.nextElementSibling;\n                    const icon = button.querySelector('.acf-accordion-icon');\n                    const isOpen = content.classList.contains('open');\n\n                    \/\/ Chiude tutti\n                    accordion.querySelectorAll('.acf-accordion-content').forEach(c => c.classList.remove('open'));\n                    accordion.querySelectorAll('.acf-accordion-header').forEach(b => b.classList.remove('active'));\n                    accordion.querySelectorAll('.acf-accordion-icon').forEach(i => i.textContent = '+');\n\n                    \/\/ Apre selezionato\n                    if (!isOpen) {\n                        content.classList.add('open');\n                        button.classList.add('active');\n                        icon.textContent = '\u2013';\n                    }\n                });\n            });\n        }\n    });\n    <\/script>\n    \n    <style>\n    #acf-accordion-69f16a17531a1 .acf-accordion-header {\n        background-color: #fff;\n        padding: 1em;\n        border: none;\n        width: 100%;\n        text-align: left;\n        cursor: pointer;\n        font-weight: bold;\n        display: flex;\n        align-items: center;\n        justify-content: flex-start;\n        transition: background 0.3s;\n        color:#0D4B82;\n        border-bottom:1px solid #0D4B82;\n        border-radius: 0;\n    }\n    #acf-accordion-69f16a17531a1 .acf-accordion-header:hover,\n    #acf-accordion-69f16a17531a1 .acf-accordion-header.active {\n        background: #0D4B82;\n        color: #fff;\n    \n    }\n    #acf-accordion-69f16a17531a1 .acf-accordion-icon {\n        font-size: 1.5em;\n        line-height: 1;\n        transition: transform 0.3s ease;\n        margin-right: 1em;\n    }\n    #acf-accordion-69f16a17531a1 .acf-accordion-title {\n        margin:0;\n        width:100%;\n        max-width:90%;\n        white-space: break-spaces; \n    }\n    @media only screen and (max-width: 768px){\n        #accordion_id .acf-accordion-title {\n        font-size: 1.2em;\n        line-height: 1.2;\n            max-width:85%;\n        }\n    }\n    #acf-accordion-69f16a17531a1 .acf-accordion-content {\n        display: none;\n        padding: 1em;\n        border: 0;\n        border-top: none;\n        background: #fff;\n        color:#000;\n    }\n    #acf-accordion-69f16a17531a1 .acf-accordion-content.open {\n        display: block;\n        animation: fadeIn 0.3s ease-in-out;\n    }\n    @keyframes fadeIn {\n        from { opacity: 0; transform: translateY(-5px); }\n        to { opacity: 1; transform: translateY(0); }\n    }\n    <\/style>\n    \n<\/div>\n\t\t\t\t\t\t<\/div>\n\t\t\t\t<\/div>\n\t\t\t\t\t<\/div>\n\t\t\t\t<\/div>\n\t\t\t\t<\/div>\n\t\t","protected":false},"excerpt":{"rendered":"<p>FAQ Zu Ihrer Verf\u00fcgung, das ganze Jahr \u00fcber! Liebe G\u00e4ste, hier sind die Antworten auf Ihre Fragen. Wenn Sie weitere Informationen ben\u00f6tigen, kontaktieren Sie uns bitte! Wir helfen Ihnen jederzeit gerne weiter.<\/p>\n","protected":false},"author":6,"featured_media":0,"parent":0,"menu_order":50,"comment_status":"closed","ping_status":"closed","template":"","meta":{"_acf_changed":false,"footnotes":""},"class_list":["post-8146","page","type-page","status-publish","hentry"],"acf":[],"yoast_head":"<!-- This site is optimized with the Yoast SEO plugin v25.8 - https:\/\/yoast.com\/wordpress\/plugins\/seo\/ -->\n<title>Bibione<\/title>\n<meta name=\"description\" content=\"Liebe G\u00e4ste, hier finden Sie die Antworten auf Ihre Fragen. Wenn Sie mehr Informationen ben\u00f6tigen, kontaktieren Sie uns bitte!\" \/>\n<meta name=\"robots\" content=\"index, follow, max-snippet:-1, max-image-preview:large, max-video-preview:-1\" \/>\n<link rel=\"canonical\" href=\"https:\/\/www.azzurrabibione.com\/de\/faq-2\/\" \/>\n<meta property=\"og:locale\" content=\"de_DE\" \/>\n<meta property=\"og:type\" content=\"article\" \/>\n<meta property=\"og:title\" content=\"Bibione\" \/>\n<meta property=\"og:description\" content=\"Liebe G\u00e4ste, hier finden Sie die Antworten auf Ihre Fragen. Wenn Sie mehr Informationen ben\u00f6tigen, kontaktieren Sie uns bitte!\" \/>\n<meta property=\"og:url\" content=\"https:\/\/www.azzurrabibione.com\/de\/faq-2\/\" \/>\n<meta property=\"og:site_name\" content=\"Turistica Azzurra\" \/>\n<meta property=\"article:modified_time\" content=\"2026-03-17T09:08:10+00:00\" \/>\n<meta name=\"twitter:card\" content=\"summary_large_image\" \/>\n<meta name=\"twitter:label1\" content=\"Gesch\u00e4tzte Lesezeit\" \/>\n\t<meta name=\"twitter:data1\" content=\"1\u00a0Minute\" \/>\n<script type=\"application\/ld+json\" class=\"yoast-schema-graph\">{\"@context\":\"https:\/\/schema.org\",\"@graph\":[{\"@type\":\"WebPage\",\"@id\":\"https:\/\/www.azzurrabibione.com\/de\/faq-2\/\",\"url\":\"https:\/\/www.azzurrabibione.com\/de\/faq-2\/\",\"name\":\"Bibione\",\"isPartOf\":{\"@id\":\"https:\/\/www.azzurrabibione.com\/de\/#website\"},\"datePublished\":\"2026-03-17T09:08:09+00:00\",\"dateModified\":\"2026-03-17T09:08:10+00:00\",\"description\":\"Liebe G\u00e4ste, hier finden Sie die Antworten auf Ihre Fragen. Wenn Sie mehr Informationen ben\u00f6tigen, kontaktieren Sie uns bitte!\",\"breadcrumb\":{\"@id\":\"https:\/\/www.azzurrabibione.com\/de\/faq-2\/#breadcrumb\"},\"inLanguage\":\"de\",\"potentialAction\":[{\"@type\":\"ReadAction\",\"target\":[\"https:\/\/www.azzurrabibione.com\/de\/faq-2\/\"]}]},{\"@type\":\"BreadcrumbList\",\"@id\":\"https:\/\/www.azzurrabibione.com\/de\/faq-2\/#breadcrumb\",\"itemListElement\":[{\"@type\":\"ListItem\",\"position\":1,\"name\":\"Home\",\"item\":\"https:\/\/www.azzurrabibione.com\/de\/\"},{\"@type\":\"ListItem\",\"position\":2,\"name\":\"FAQ\"}]},{\"@type\":\"WebSite\",\"@id\":\"https:\/\/www.azzurrabibione.com\/de\/#website\",\"url\":\"https:\/\/www.azzurrabibione.com\/de\/\",\"name\":\"Turistica Azzurra\",\"description\":\"Agenzia turistica Azzurra di Bibione\",\"publisher\":{\"@id\":\"https:\/\/www.azzurrabibione.com\/de\/#organization\"},\"potentialAction\":[{\"@type\":\"SearchAction\",\"target\":{\"@type\":\"EntryPoint\",\"urlTemplate\":\"https:\/\/www.azzurrabibione.com\/de\/?s={search_term_string}\"},\"query-input\":{\"@type\":\"PropertyValueSpecification\",\"valueRequired\":true,\"valueName\":\"search_term_string\"}}],\"inLanguage\":\"de\"},{\"@type\":\"Organization\",\"@id\":\"https:\/\/www.azzurrabibione.com\/de\/#organization\",\"name\":\"Turistica Azzurra\",\"alternateName\":\"Agenzia turistica Azzurra di Bibione\",\"url\":\"https:\/\/www.azzurrabibione.com\/de\/\",\"logo\":{\"@type\":\"ImageObject\",\"inLanguage\":\"de\",\"@id\":\"https:\/\/www.azzurrabibione.com\/de\/#\/schema\/logo\/image\/\",\"url\":\"https:\/\/azzurrabibione.promoservicebeta.com\/wp-content\/uploads\/2025\/06\/Logo-Turistica_Azzurra_Bibione.png\",\"contentUrl\":\"https:\/\/azzurrabibione.promoservicebeta.com\/wp-content\/uploads\/2025\/06\/Logo-Turistica_Azzurra_Bibione.png\",\"width\":274,\"height\":95,\"caption\":\"Turistica Azzurra\"},\"image\":{\"@id\":\"https:\/\/www.azzurrabibione.com\/de\/#\/schema\/logo\/image\/\"}}]}<\/script>\n<!-- \/ Yoast SEO plugin. -->","yoast_head_json":{"title":"Bibione","description":"Liebe G\u00e4ste, hier finden Sie die Antworten auf Ihre Fragen. Wenn Sie mehr Informationen ben\u00f6tigen, kontaktieren Sie uns bitte!","robots":{"index":"index","follow":"follow","max-snippet":"max-snippet:-1","max-image-preview":"max-image-preview:large","max-video-preview":"max-video-preview:-1"},"canonical":"https:\/\/www.azzurrabibione.com\/de\/faq-2\/","og_locale":"de_DE","og_type":"article","og_title":"Bibione","og_description":"Liebe G\u00e4ste, hier finden Sie die Antworten auf Ihre Fragen. Wenn Sie mehr Informationen ben\u00f6tigen, kontaktieren Sie uns bitte!","og_url":"https:\/\/www.azzurrabibione.com\/de\/faq-2\/","og_site_name":"Turistica Azzurra","article_modified_time":"2026-03-17T09:08:10+00:00","twitter_card":"summary_large_image","twitter_misc":{"Gesch\u00e4tzte Lesezeit":"1\u00a0Minute"},"schema":{"@context":"https:\/\/schema.org","@graph":[{"@type":"WebPage","@id":"https:\/\/www.azzurrabibione.com\/de\/faq-2\/","url":"https:\/\/www.azzurrabibione.com\/de\/faq-2\/","name":"Bibione","isPartOf":{"@id":"https:\/\/www.azzurrabibione.com\/de\/#website"},"datePublished":"2026-03-17T09:08:09+00:00","dateModified":"2026-03-17T09:08:10+00:00","description":"Liebe G\u00e4ste, hier finden Sie die Antworten auf Ihre Fragen. Wenn Sie mehr Informationen ben\u00f6tigen, kontaktieren Sie uns bitte!","breadcrumb":{"@id":"https:\/\/www.azzurrabibione.com\/de\/faq-2\/#breadcrumb"},"inLanguage":"de","potentialAction":[{"@type":"ReadAction","target":["https:\/\/www.azzurrabibione.com\/de\/faq-2\/"]}]},{"@type":"BreadcrumbList","@id":"https:\/\/www.azzurrabibione.com\/de\/faq-2\/#breadcrumb","itemListElement":[{"@type":"ListItem","position":1,"name":"Home","item":"https:\/\/www.azzurrabibione.com\/de\/"},{"@type":"ListItem","position":2,"name":"FAQ"}]},{"@type":"WebSite","@id":"https:\/\/www.azzurrabibione.com\/de\/#website","url":"https:\/\/www.azzurrabibione.com\/de\/","name":"Turistica Azzurra","description":"Agenzia turistica Azzurra di Bibione","publisher":{"@id":"https:\/\/www.azzurrabibione.com\/de\/#organization"},"potentialAction":[{"@type":"SearchAction","target":{"@type":"EntryPoint","urlTemplate":"https:\/\/www.azzurrabibione.com\/de\/?s={search_term_string}"},"query-input":{"@type":"PropertyValueSpecification","valueRequired":true,"valueName":"search_term_string"}}],"inLanguage":"de"},{"@type":"Organization","@id":"https:\/\/www.azzurrabibione.com\/de\/#organization","name":"Turistica Azzurra","alternateName":"Agenzia turistica Azzurra di Bibione","url":"https:\/\/www.azzurrabibione.com\/de\/","logo":{"@type":"ImageObject","inLanguage":"de","@id":"https:\/\/www.azzurrabibione.com\/de\/#\/schema\/logo\/image\/","url":"https:\/\/azzurrabibione.promoservicebeta.com\/wp-content\/uploads\/2025\/06\/Logo-Turistica_Azzurra_Bibione.png","contentUrl":"https:\/\/azzurrabibione.promoservicebeta.com\/wp-content\/uploads\/2025\/06\/Logo-Turistica_Azzurra_Bibione.png","width":274,"height":95,"caption":"Turistica Azzurra"},"image":{"@id":"https:\/\/www.azzurrabibione.com\/de\/#\/schema\/logo\/image\/"}}]}},"_links":{"self":[{"href":"https:\/\/www.azzurrabibione.com\/de\/wp-json\/wp\/v2\/pages\/8146","targetHints":{"allow":["GET"]}}],"collection":[{"href":"https:\/\/www.azzurrabibione.com\/de\/wp-json\/wp\/v2\/pages"}],"about":[{"href":"https:\/\/www.azzurrabibione.com\/de\/wp-json\/wp\/v2\/types\/page"}],"author":[{"embeddable":true,"href":"https:\/\/www.azzurrabibione.com\/de\/wp-json\/wp\/v2\/users\/6"}],"replies":[{"embeddable":true,"href":"https:\/\/www.azzurrabibione.com\/de\/wp-json\/wp\/v2\/comments?post=8146"}],"version-history":[{"count":1,"href":"https:\/\/www.azzurrabibione.com\/de\/wp-json\/wp\/v2\/pages\/8146\/revisions"}],"predecessor-version":[{"id":8149,"href":"https:\/\/www.azzurrabibione.com\/de\/wp-json\/wp\/v2\/pages\/8146\/revisions\/8149"}],"wp:attachment":[{"href":"https:\/\/www.azzurrabibione.com\/de\/wp-json\/wp\/v2\/media?parent=8146"}],"curies":[{"name":"wp","href":"https:\/\/api.w.org\/{rel}","templated":true}]}}